{"id":7310,"date":"2026-02-02T12:44:58","date_gmt":"2026-02-02T11:44:58","guid":{"rendered":"https:\/\/dev.omnidecor.it\/prodotto\/decoropal\/"},"modified":"2026-02-09T11:24:07","modified_gmt":"2026-02-09T10:24:07","slug":"decoropal","status":"publish","type":"product","link":"https:\/\/www.omnidecor.it\/en\/prodotto\/decoropal\/","title":{"rendered":"DecorOpal"},"content":{"rendered":"\t\t<div data-elementor-type=\"product-post\" data-elementor-id=\"7310\" class=\"elementor elementor-7310 elementor-6624\">\n\t\t\t\t\t\t\t<div class=\"elementor-element elementor-element-6d8ebbe e-con-full e-flex e-con e-parent\" data-id=\"6d8ebbe\" data-element_type=\"container\" data-settings=\"{&quot;content_width&quot;:&quot;full&quot;}\" data-core-v316-plus=\"true\">\n\t\t\t\t<div class=\"elementor-element elementor-element-97b085a elementor-widget elementor-widget-wk-slider-text\" data-id=\"97b085a\" data-element_type=\"widget\" data-widget_type=\"wk-slider-text.default\">\n\t\t\t\t<div class=\"elementor-widget-container\">\n\t\t\t\t\n\t\t<!-- Titolo\/descrizione\/immagine close up -->\n\t\t<div class=\"wk-text-img wk-text-img-slider\">\n\t\t\t<div class=\"wk-container default\">\n\t\t\t\t<div class=\"wk-negative-margin   wrapper\">\n\t\t\t\t\n\t\t\t\t\t<div class=\"wk-col-50 wk-col-text\">\n\t\t\t\t\t\t\t\t\t\t\t\t\t<h2 class=\"wk_text_title\">\n\t\t\t\t\t\t\t\tdecoropal\t\t\t\t\t\t\t<\/h2>\n\t\t\t\t\t\t\n\t\t\t\t\t\t<div class=\"wk-text\">\n\t\t\t\t\t\t\t<p><span style=\"font-weight: 400;\">OmniDecor\u2019s lacquered colored glass features a <strong>wide color palette<\/strong> and endless creative potential for glass surfaces.<\/span><\/p><p><span style=\"font-weight: 400;\">Both satin and transparent float glass can be enriched with shades from the DecorOpal \u201cColor\u201d collection.<br \/><\/span><span style=\"font-weight: 400;\">Using water-based, solvent-free organic paints, DecorOpal is <strong>an environmentally responsible product<\/strong> that meets international sustainability standards.<\/span><\/p>\n\t\t\t\t\t\t\t\t\t\t\t\t\t\t\t<ul class=\"wk-link-list\">\n\t\t\t\t\t\t\t\t\t\t\t\t\t\t\t\t\t\t\t<!-- link richiesta campione -->\n\t\t\t\t\t\t\t\t\t\t<!-- <li class=\"wk-link-item\">\n\t\t\t\t\t\t\t\t\t\t\t<a href=\"#campioni\" class=\"wk_pulsante\">request a sample<\/a>\n\t\t\t\t\t\t\t\t\t\t<\/li> -->\n\n\t\t\t\t\t\t\t\t\t\t\t\t\t\t\t\t\t\t\t\t\t<!-- link scheda prodotto -->\n\t\t\t\t\t\t\t\t\t\t\t<li class=\"wk-link-item\">\n\t\t\t\t\t\t\t\t\t\t\t\t<a href=\"https:\/\/www.omnidecor.it\/wp-content\/uploads\/2024\/12\/OMNIDECOR_DecorOpal__scheda_tecnica.pdf\" class=\"wk_pulsante\" target=\"_blank\">product data sheet<\/a>\n\t\t\t\t\t\t\t\t\t\t\t<\/li>\n\t\t\t\t\t\t\t\t\t\t\n\t\t\t\t\t\t\t\t\t\t<!-- link collezione decori -->\n<!-- \t\t\t\t\t\t\t\t\t\t<li class=\"wk-link-item\">\n\t\t\t\t\t\t\t\t\t\t\t<a href=\"#\" class=\"wk_pulsante\">explore the decor collection<\/a>\n\t\t\t\t\t\t\t\t\t\t<\/li> -->\n\n\t\t\t\t\t\t\t\t\t\t\t\t\t\t\t\t\t\t\t\t\t<!-- link richiesta campione -->\n\t\t\t\t\t\t\t\t\t\t\t\t\t\t\t\t\t\t\t\t<\/ul>\n\t\t\t\t\t\t\t\t\t\t\t\t\t\t\n\t\t\t\t\t\t<\/div>\n\n\t\t\t\t\t<\/div>\n\n\t\t\t\t\t<div class=\"wk-col-50 wk-col-img\">\n\n\t\t\t\t\t\t<!-- Slider -->\n\t\t\t\t\t\t<div class=\"wk-carousel swiper wk-text-img\">\n\t\t\t\t\t\t\t<!-- Additional required wrapper -->\n\t\t\t\t\t\t\t<div class=\"swiper-wrapper\">\n\t\t\t\t\t\t\t\t<div class=\"swiper-slide\"><a href=\"https:\/\/www.omnidecor.it\/wp-content\/uploads\/2025\/03\/od_img-sito_prodotti_vetro-colorato_decoropal_intro-e1757522463670.jpg\" data-elementor-open-lightbox=\"yes\" data-elementor-lightbox-slideshow=\"6543439\"><img decoding=\"async\" src=\"https:\/\/www.omnidecor.it\/wp-content\/uploads\/2025\/03\/od_img-sito_prodotti_vetro-colorato_decoropal_intro-e1757522463670.jpg\"><\/a><\/div><div class=\"swiper-slide\"><a href=\"https:\/\/www.omnidecor.it\/wp-content\/uploads\/2025\/09\/SET-1_RIGA-15-EXTRA_004.jpg\" data-elementor-open-lightbox=\"yes\" data-elementor-lightbox-slideshow=\"6543439\"><img decoding=\"async\" src=\"https:\/\/www.omnidecor.it\/wp-content\/uploads\/2025\/09\/SET-1_RIGA-15-EXTRA_004.jpg\"><\/a><\/div><div class=\"swiper-slide\"><a href=\"https:\/\/www.omnidecor.it\/wp-content\/uploads\/2025\/09\/SLV_OMNIDECOR_SHOWROOM_20220607_021-2.jpg\" data-elementor-open-lightbox=\"yes\" data-elementor-lightbox-slideshow=\"6543439\"><img decoding=\"async\" src=\"https:\/\/www.omnidecor.it\/wp-content\/uploads\/2025\/09\/SLV_OMNIDECOR_SHOWROOM_20220607_021-2.jpg\"><\/a><\/div>\t\t\t\t\t\t\t<\/div>\n\n\t\t\t\t\t\t\t<!-- Paagination -->\n\t\t\t\t\t\t\t<div class=\"swiper-pagination\"><\/div>\n\t\t\t\t\t\t\t\n\t\t\t\t\t\t<\/div>\n\t\t\t\t\t<\/div>\n\t\t\t\t<\/div>\n\t\t\t<\/div>\n\t\t<\/div>\n\n\n\n\n\n\n\t\t\t<\/div>\n\t\t\t\t<\/div>\n\t\t\t\t<div class=\"elementor-element elementor-element-50dd1bd elementor-widget elementor-widget-menu-anchor\" data-id=\"50dd1bd\" data-element_type=\"widget\" data-widget_type=\"menu-anchor.default\">\n\t\t\t\t<div class=\"elementor-widget-container\">\n\t\t\t<style>\/*! elementor - v3.18.0 - 20-12-2023 *\/\nbody.elementor-page .elementor-widget-menu-anchor{margin-bottom:0}<\/style>\t\t<div id=\"campioni\" class=\"elementor-menu-anchor\"><\/div>\n\t\t\t\t<\/div>\n\t\t\t\t<\/div>\n\t\t\t\t<\/div>\n\t\t<div class=\"elementor-element elementor-element-4518e3f e-con-full elementor-hidden-desktop elementor-hidden-tablet elementor-hidden-mobile e-flex e-con e-parent\" data-id=\"4518e3f\" data-element_type=\"container\" data-settings=\"{&quot;content_width&quot;:&quot;full&quot;}\" data-core-v316-plus=\"true\">\n\t\t\t\t<div class=\"elementor-element elementor-element-b04c585 elementor-widget elementor-widget-wk-slider-text\" data-id=\"b04c585\" data-element_type=\"widget\" data-widget_type=\"wk-slider-text.default\">\n\t\t\t\t<div class=\"elementor-widget-container\">\n\t\t\t\t\n\t\t<!-- Titolo\/descrizione\/immagine close up -->\n\t\t<div class=\"wk-text-img wk-text-img-slider\">\n\t\t\t<div class=\"wk-container default\">\n\t\t\t\t<div class=\"wk-negative-margin wk-invert  wrapper\">\n\t\t\t\t\n\t\t\t\t\t<div class=\"wk-col-50 wk-col-text\">\n\t\t\t\t\t\t\n\t\t\t\t\t\t<div class=\"wk-text\">\n\t\t\t\t\t\t\t<p data-start=\"270\" data-end=\"543\"><strong data-start=\"270\" data-end=\"283\">DecorOpal<\/strong> si arricchisce di versioni tridimensionali come <strong>Bondi, Waves e Onda<\/strong>, in cui la brillantezza del colore incontra la forza espressiva della materia. Le texture trasformano il vetro in un elemento decorativo, dando vita a giochi di luce e ombra sempre diversi.<\/p><p data-start=\"545\" data-end=\"832\">Il colore trova nuove applicazioni anche nelle superfici <strong data-start=\"602\" data-end=\"622\">DecorFlou Design<\/strong>, dove il decoro \u00e8 ottenuto tramite satinatura. Eleganza e pattern personalizzati ampliano cos\u00ec le possibilit\u00e0 creative e compositive, affiancando la tridimensionalit\u00e0 come ulteriore strumento di espressione.<\/p>\n\t\t\t\t\t\t\t\t\t\t\t\t\t\t\t<ul class=\"wk-link-list\">\n\t\t\t\t\t\t\t\t\t\t\t\t\t\t\t\t\t\t\t\t\t<!-- link richiesta campione -->\n\t\t\t\t\t\t\t\t\t\t\t\t\t\t\t\t\t\t\t\t<\/ul>\n\t\t\t\t\t\t\t\t\t\t\t\t\t\t\n\t\t\t\t\t\t<\/div>\n\n\t\t\t\t\t<\/div>\n\n\t\t\t\t\t<div class=\"wk-col-50 wk-col-img\">\n\n\t\t\t\t\t\t<!-- Slider -->\n\t\t\t\t\t\t<div class=\"wk-carousel swiper wk-text-img\">\n\t\t\t\t\t\t\t<!-- Additional required wrapper -->\n\t\t\t\t\t\t\t<div class=\"swiper-wrapper\">\n\t\t\t\t\t\t\t\t<div class=\"swiper-slide\"><a href=\"https:\/\/www.omnidecor.it\/wp-content\/uploads\/2025\/09\/Z8Z4502-2-e1758653674541.jpg\" data-elementor-open-lightbox=\"yes\" data-elementor-lightbox-slideshow=\"9567702\"><img decoding=\"async\" src=\"https:\/\/www.omnidecor.it\/wp-content\/uploads\/2025\/09\/Z8Z4502-2-e1758653674541.jpg\"><\/a><\/div><div class=\"swiper-slide\"><a href=\"https:\/\/www.omnidecor.it\/wp-content\/uploads\/2025\/01\/od_img-sito_arredo_14.jpg\" data-elementor-open-lightbox=\"yes\" data-elementor-lightbox-slideshow=\"9567702\"><img decoding=\"async\" src=\"https:\/\/www.omnidecor.it\/wp-content\/uploads\/2025\/01\/od_img-sito_arredo_14.jpg\"><\/a><\/div><div class=\"swiper-slide\"><a href=\"https:\/\/www.omnidecor.it\/wp-content\/uploads\/2025\/03\/od_prodotti_vetro-decorato_pure-lines_27.jpg\" data-elementor-open-lightbox=\"yes\" data-elementor-lightbox-slideshow=\"9567702\"><img decoding=\"async\" src=\"https:\/\/www.omnidecor.it\/wp-content\/uploads\/2025\/03\/od_prodotti_vetro-decorato_pure-lines_27.jpg\"><\/a><\/div><div class=\"swiper-slide\"><a href=\"https:\/\/www.omnidecor.it\/wp-content\/uploads\/2025\/09\/2024_10_22_SLV_OMNIDECOR_GLASSTEC_112-e1758128602952.jpg\" data-elementor-open-lightbox=\"yes\" data-elementor-lightbox-slideshow=\"9567702\"><img decoding=\"async\" src=\"https:\/\/www.omnidecor.it\/wp-content\/uploads\/2025\/09\/2024_10_22_SLV_OMNIDECOR_GLASSTEC_112-e1758128602952.jpg\"><\/a><\/div><div class=\"swiper-slide\"><a href=\"https:\/\/www.omnidecor.it\/wp-content\/uploads\/2025\/09\/Z8Z4565-2-e1758653629540.jpg\" data-elementor-open-lightbox=\"yes\" data-elementor-lightbox-slideshow=\"9567702\"><img decoding=\"async\" src=\"https:\/\/www.omnidecor.it\/wp-content\/uploads\/2025\/09\/Z8Z4565-2-e1758653629540.jpg\"><\/a><\/div><div class=\"swiper-slide\"><a href=\"https:\/\/www.omnidecor.it\/wp-content\/uploads\/2025\/09\/SLV_OMNIDECOR_2024_ARTELINEA_03.jpg\" data-elementor-open-lightbox=\"yes\" data-elementor-lightbox-slideshow=\"9567702\"><img decoding=\"async\" src=\"https:\/\/www.omnidecor.it\/wp-content\/uploads\/2025\/09\/SLV_OMNIDECOR_2024_ARTELINEA_03.jpg\"><\/a><\/div>\t\t\t\t\t\t\t<\/div>\n\n\t\t\t\t\t\t\t<!-- Paagination -->\n\t\t\t\t\t\t\t<div class=\"swiper-pagination\"><\/div>\n\t\t\t\t\t\t\t\n\t\t\t\t\t\t<\/div>\n\t\t\t\t\t<\/div>\n\t\t\t\t<\/div>\n\t\t\t<\/div>\n\t\t<\/div>\n\n\n\n\n\n\n\t\t\t<\/div>\n\t\t\t\t<\/div>\n\t\t\t\t<\/div>\n\t\t\t\t\t\t\t<\/div>\n\t\t","protected":false},"excerpt":{"rendered":"<p>decoropal OmniDecor\u2019s lacquered colored glass features a wide color palette and endless creative potential for glass surfaces. Both satin and transparent float glass can be enriched with shades from the DecorOpal \u201cColor\u201d collection.Using water-based, solvent-free organic paints, DecorOpal is an environmentally responsible product that meets international sustainability standards. scheda tecnica prodotto DecorOpal si arricchisce di [&hellip;]<\/p>\n","protected":false},"featured_media":4238,"template":"","meta":{"_acf_changed":false},"ambiente":[213,214],"caratteristica-tecnica":[229,230,233,303],"related-product":[243],"tipologia-vetro":[253],"product_brand":[],"product_cat":[222],"product_tag":[],"class_list":{"0":"post-7310","1":"product","2":"type-product","3":"status-publish","4":"has-post-thumbnail","6":"ambiente-exterior","7":"ambiente-interior","8":"caratteristica-tecnica-fingerprint-proof","9":"caratteristica-tecnica-antiscratch","10":"caratteristica-tecnica-full-and-consistent-etched-surface","11":"caratteristica-tecnica-no-backlighting","12":"related-product-decoropal-2026","13":"tipologia-vetro-colored-glass","14":"product_cat-prodotto-en","16":"first","17":"outofstock","18":"shipping-taxable","19":"product-type-variable"},"acf":[],"yoast_head":"<!-- This site is optimized with the Yoast SEO plugin v26.9 - https:\/\/yoast.com\/product\/yoast-seo-wordpress\/ -->\n<title>DecorOpal - OmniDecor<\/title>\n<meta name=\"description\" content=\"OmniDecor\u2019s lacquered colored glass features a wide color palette and endless creative potential for glass surfaces. Discover them now!\" \/>\n<meta name=\"robots\" content=\"index, follow, max-snippet:-1, max-image-preview:large, max-video-preview:-1\" \/>\n<link rel=\"canonical\" href=\"https:\/\/www.omnidecor.it\/en\/prodotto\/decoropal\/\" \/>\n<meta property=\"og:locale\" content=\"en_US\" \/>\n<meta property=\"og:type\" content=\"article\" \/>\n<meta property=\"og:title\" content=\"DecorOpal - OmniDecor\" \/>\n<meta property=\"og:description\" content=\"OmniDecor\u2019s lacquered colored glass features a wide color palette and endless creative potential for glass surfaces. Discover them now!\" \/>\n<meta property=\"og:url\" content=\"https:\/\/www.omnidecor.it\/en\/prodotto\/decoropal\/\" \/>\n<meta property=\"og:site_name\" content=\"OmniDecor\" \/>\n<meta property=\"article:publisher\" content=\"https:\/\/www.facebook.com\/OmniDecorGlassDesign\" \/>\n<meta property=\"article:modified_time\" content=\"2026-02-09T10:24:07+00:00\" \/>\n<meta property=\"og:image\" content=\"https:\/\/www.omnidecor.it\/wp-content\/uploads\/2024\/12\/od_img-sito_prodotti_vetro-colorato_decoropal_cover.jpg\" \/>\n\t<meta property=\"og:image:width\" content=\"2000\" \/>\n\t<meta property=\"og:image:height\" content=\"1125\" \/>\n\t<meta property=\"og:image:type\" content=\"image\/jpeg\" \/>\n<meta name=\"twitter:card\" content=\"summary_large_image\" \/>\n<script type=\"application\/ld+json\" class=\"yoast-schema-graph\">{\"@context\":\"https:\/\/schema.org\",\"@graph\":[{\"@type\":\"WebPage\",\"@id\":\"https:\/\/www.omnidecor.it\/en\/prodotto\/decoropal\/\",\"url\":\"https:\/\/www.omnidecor.it\/en\/prodotto\/decoropal\/\",\"name\":\"DecorOpal - OmniDecor\",\"isPartOf\":{\"@id\":\"https:\/\/www.omnidecor.it\/en\/#website\"},\"primaryImageOfPage\":{\"@id\":\"https:\/\/www.omnidecor.it\/en\/prodotto\/decoropal\/#primaryimage\"},\"image\":{\"@id\":\"https:\/\/www.omnidecor.it\/en\/prodotto\/decoropal\/#primaryimage\"},\"thumbnailUrl\":\"https:\/\/www.omnidecor.it\/wp-content\/uploads\/2024\/12\/od_img-sito_prodotti_vetro-colorato_decoropal_cover.jpg\",\"datePublished\":\"2026-02-02T11:44:58+00:00\",\"dateModified\":\"2026-02-09T10:24:07+00:00\",\"description\":\"OmniDecor\u2019s lacquered colored glass features a wide color palette and endless creative potential for glass surfaces. Discover them now!\",\"breadcrumb\":{\"@id\":\"https:\/\/www.omnidecor.it\/en\/prodotto\/decoropal\/#breadcrumb\"},\"inLanguage\":\"en-US\",\"potentialAction\":[{\"@type\":\"ReadAction\",\"target\":[\"https:\/\/www.omnidecor.it\/en\/prodotto\/decoropal\/\"]}]},{\"@type\":\"ImageObject\",\"inLanguage\":\"en-US\",\"@id\":\"https:\/\/www.omnidecor.it\/en\/prodotto\/decoropal\/#primaryimage\",\"url\":\"https:\/\/www.omnidecor.it\/wp-content\/uploads\/2024\/12\/od_img-sito_prodotti_vetro-colorato_decoropal_cover.jpg\",\"contentUrl\":\"https:\/\/www.omnidecor.it\/wp-content\/uploads\/2024\/12\/od_img-sito_prodotti_vetro-colorato_decoropal_cover.jpg\",\"width\":2000,\"height\":1125},{\"@type\":\"BreadcrumbList\",\"@id\":\"https:\/\/www.omnidecor.it\/en\/prodotto\/decoropal\/#breadcrumb\",\"itemListElement\":[{\"@type\":\"ListItem\",\"position\":1,\"name\":\"Home\",\"item\":\"https:\/\/www.omnidecor.it\/en\/\"},{\"@type\":\"ListItem\",\"position\":2,\"name\":\"Shop\",\"item\":\"https:\/\/www.omnidecor.it\/en\/shop\/\"},{\"@type\":\"ListItem\",\"position\":3,\"name\":\"DecorOpal\"}]},{\"@type\":\"WebSite\",\"@id\":\"https:\/\/www.omnidecor.it\/en\/#website\",\"url\":\"https:\/\/www.omnidecor.it\/en\/\",\"name\":\"OmniDecor Milano\",\"description\":\"Azienda specializzata nella produzione di vetro satinato.\",\"publisher\":{\"@id\":\"https:\/\/www.omnidecor.it\/en\/#organization\"},\"potentialAction\":[{\"@type\":\"SearchAction\",\"target\":{\"@type\":\"EntryPoint\",\"urlTemplate\":\"https:\/\/www.omnidecor.it\/en\/?s={search_term_string}\"},\"query-input\":{\"@type\":\"PropertyValueSpecification\",\"valueRequired\":true,\"valueName\":\"search_term_string\"}}],\"inLanguage\":\"en-US\"},{\"@type\":\"Organization\",\"@id\":\"https:\/\/www.omnidecor.it\/en\/#organization\",\"name\":\"OmniDecor Milano\",\"url\":\"https:\/\/www.omnidecor.it\/en\/\",\"logo\":{\"@type\":\"ImageObject\",\"inLanguage\":\"en-US\",\"@id\":\"https:\/\/www.omnidecor.it\/en\/#\/schema\/logo\/image\/\",\"url\":\"https:\/\/www.omnidecor.it\/wp-content\/uploads\/2023\/12\/logo-omnidecor.png\",\"contentUrl\":\"https:\/\/www.omnidecor.it\/wp-content\/uploads\/2023\/12\/logo-omnidecor.png\",\"width\":227,\"height\":61,\"caption\":\"OmniDecor Milano\"},\"image\":{\"@id\":\"https:\/\/www.omnidecor.it\/en\/#\/schema\/logo\/image\/\"},\"sameAs\":[\"https:\/\/www.facebook.com\/OmniDecorGlassDesign\",\"https:\/\/www.instagram.com\/omnidecor_glassdesign\/\"]}]}<\/script>\n<!-- \/ Yoast SEO plugin. -->","yoast_head_json":{"title":"DecorOpal - OmniDecor","description":"OmniDecor\u2019s lacquered colored glass features a wide color palette and endless creative potential for glass surfaces. Discover them now!","robots":{"index":"index","follow":"follow","max-snippet":"max-snippet:-1","max-image-preview":"max-image-preview:large","max-video-preview":"max-video-preview:-1"},"canonical":"https:\/\/www.omnidecor.it\/en\/prodotto\/decoropal\/","og_locale":"en_US","og_type":"article","og_title":"DecorOpal - OmniDecor","og_description":"OmniDecor\u2019s lacquered colored glass features a wide color palette and endless creative potential for glass surfaces. Discover them now!","og_url":"https:\/\/www.omnidecor.it\/en\/prodotto\/decoropal\/","og_site_name":"OmniDecor","article_publisher":"https:\/\/www.facebook.com\/OmniDecorGlassDesign","article_modified_time":"2026-02-09T10:24:07+00:00","og_image":[{"width":2000,"height":1125,"url":"https:\/\/www.omnidecor.it\/wp-content\/uploads\/2024\/12\/od_img-sito_prodotti_vetro-colorato_decoropal_cover.jpg","type":"image\/jpeg"}],"twitter_card":"summary_large_image","schema":{"@context":"https:\/\/schema.org","@graph":[{"@type":"WebPage","@id":"https:\/\/www.omnidecor.it\/en\/prodotto\/decoropal\/","url":"https:\/\/www.omnidecor.it\/en\/prodotto\/decoropal\/","name":"DecorOpal - OmniDecor","isPartOf":{"@id":"https:\/\/www.omnidecor.it\/en\/#website"},"primaryImageOfPage":{"@id":"https:\/\/www.omnidecor.it\/en\/prodotto\/decoropal\/#primaryimage"},"image":{"@id":"https:\/\/www.omnidecor.it\/en\/prodotto\/decoropal\/#primaryimage"},"thumbnailUrl":"https:\/\/www.omnidecor.it\/wp-content\/uploads\/2024\/12\/od_img-sito_prodotti_vetro-colorato_decoropal_cover.jpg","datePublished":"2026-02-02T11:44:58+00:00","dateModified":"2026-02-09T10:24:07+00:00","description":"OmniDecor\u2019s lacquered colored glass features a wide color palette and endless creative potential for glass surfaces. Discover them now!","breadcrumb":{"@id":"https:\/\/www.omnidecor.it\/en\/prodotto\/decoropal\/#breadcrumb"},"inLanguage":"en-US","potentialAction":[{"@type":"ReadAction","target":["https:\/\/www.omnidecor.it\/en\/prodotto\/decoropal\/"]}]},{"@type":"ImageObject","inLanguage":"en-US","@id":"https:\/\/www.omnidecor.it\/en\/prodotto\/decoropal\/#primaryimage","url":"https:\/\/www.omnidecor.it\/wp-content\/uploads\/2024\/12\/od_img-sito_prodotti_vetro-colorato_decoropal_cover.jpg","contentUrl":"https:\/\/www.omnidecor.it\/wp-content\/uploads\/2024\/12\/od_img-sito_prodotti_vetro-colorato_decoropal_cover.jpg","width":2000,"height":1125},{"@type":"BreadcrumbList","@id":"https:\/\/www.omnidecor.it\/en\/prodotto\/decoropal\/#breadcrumb","itemListElement":[{"@type":"ListItem","position":1,"name":"Home","item":"https:\/\/www.omnidecor.it\/en\/"},{"@type":"ListItem","position":2,"name":"Shop","item":"https:\/\/www.omnidecor.it\/en\/shop\/"},{"@type":"ListItem","position":3,"name":"DecorOpal"}]},{"@type":"WebSite","@id":"https:\/\/www.omnidecor.it\/en\/#website","url":"https:\/\/www.omnidecor.it\/en\/","name":"OmniDecor Milano","description":"Azienda specializzata nella produzione di vetro satinato.","publisher":{"@id":"https:\/\/www.omnidecor.it\/en\/#organization"},"potentialAction":[{"@type":"SearchAction","target":{"@type":"EntryPoint","urlTemplate":"https:\/\/www.omnidecor.it\/en\/?s={search_term_string}"},"query-input":{"@type":"PropertyValueSpecification","valueRequired":true,"valueName":"search_term_string"}}],"inLanguage":"en-US"},{"@type":"Organization","@id":"https:\/\/www.omnidecor.it\/en\/#organization","name":"OmniDecor Milano","url":"https:\/\/www.omnidecor.it\/en\/","logo":{"@type":"ImageObject","inLanguage":"en-US","@id":"https:\/\/www.omnidecor.it\/en\/#\/schema\/logo\/image\/","url":"https:\/\/www.omnidecor.it\/wp-content\/uploads\/2023\/12\/logo-omnidecor.png","contentUrl":"https:\/\/www.omnidecor.it\/wp-content\/uploads\/2023\/12\/logo-omnidecor.png","width":227,"height":61,"caption":"OmniDecor Milano"},"image":{"@id":"https:\/\/www.omnidecor.it\/en\/#\/schema\/logo\/image\/"},"sameAs":["https:\/\/www.facebook.com\/OmniDecorGlassDesign","https:\/\/www.instagram.com\/omnidecor_glassdesign\/"]}]}},"_links":{"self":[{"href":"https:\/\/www.omnidecor.it\/en\/wp-json\/wp\/v2\/product\/7310","targetHints":{"allow":["GET"]}}],"collection":[{"href":"https:\/\/www.omnidecor.it\/en\/wp-json\/wp\/v2\/product"}],"about":[{"href":"https:\/\/www.omnidecor.it\/en\/wp-json\/wp\/v2\/types\/product"}],"version-history":[{"count":13,"href":"https:\/\/www.omnidecor.it\/en\/wp-json\/wp\/v2\/product\/7310\/revisions"}],"predecessor-version":[{"id":7942,"href":"https:\/\/www.omnidecor.it\/en\/wp-json\/wp\/v2\/product\/7310\/revisions\/7942"}],"wp:featuredmedia":[{"embeddable":true,"href":"https:\/\/www.omnidecor.it\/en\/wp-json\/wp\/v2\/media\/4238"}],"wp:attachment":[{"href":"https:\/\/www.omnidecor.it\/en\/wp-json\/wp\/v2\/media?parent=7310"}],"wp:term":[{"taxonomy":"ambiente","embeddable":true,"href":"https:\/\/www.omnidecor.it\/en\/wp-json\/wp\/v2\/ambiente?post=7310"},{"taxonomy":"caratteristica-tecnica","embeddable":true,"href":"https:\/\/www.omnidecor.it\/en\/wp-json\/wp\/v2\/caratteristica-tecnica?post=7310"},{"taxonomy":"related-product","embeddable":true,"href":"https:\/\/www.omnidecor.it\/en\/wp-json\/wp\/v2\/related-product?post=7310"},{"taxonomy":"tipologia-vetro","embeddable":true,"href":"https:\/\/www.omnidecor.it\/en\/wp-json\/wp\/v2\/tipologia-vetro?post=7310"},{"taxonomy":"product_brand","embeddable":true,"href":"https:\/\/www.omnidecor.it\/en\/wp-json\/wp\/v2\/product_brand?post=7310"},{"taxonomy":"product_cat","embeddable":true,"href":"https:\/\/www.omnidecor.it\/en\/wp-json\/wp\/v2\/product_cat?post=7310"},{"taxonomy":"product_tag","embeddable":true,"href":"https:\/\/www.omnidecor.it\/en\/wp-json\/wp\/v2\/product_tag?post=7310"}],"curies":[{"name":"wp","href":"https:\/\/api.w.org\/{rel}","templated":true}]}}